{"id":415,"date":"2020-02-25T23:34:40","date_gmt":"2020-02-25T21:34:40","guid":{"rendered":"https:\/\/kirkkonummenpursiseura.fi\/?page_id=415"},"modified":"2020-02-25T23:34:40","modified_gmt":"2020-02-25T21:34:40","slug":"satamat","status":"publish","type":"page","link":"https:\/\/kirkkonummenpursiseura.fi\/sv\/satamat\/","title":{"rendered":"Satamat"},"content":{"rendered":"<p><a href=\"https:\/\/kirkkonummenpursiseura.fi\/wp-content\/uploads\/2019\/06\/KNPS_Satamas\u00e4\u00e4nn\u00f6t-2019.pdf\">KNPS_Satamas\u00e4\u00e4nn\u00f6t 2019<\/a><\/p>\n","protected":false},"excerpt":{"rendered":"<p>KNPS_Satamas\u00e4\u00e4nn\u00f6t 2019<\/p>\n","protected":false},"author":4,"featured_media":0,"parent":0,"menu_order":0,"comment_status":"closed","ping_status":"closed","template":"","meta":{"_acf_changed":false,"footnotes":""},"class_list":["post-415","page","type-page","status-publish"],"translation":{"provider":"WPGlobus","version":"3.0.2","language":"sv","enabled_languages":["fi","sv"],"languages":{"fi":{"title":true,"content":true,"excerpt":false},"sv":{"title":false,"content":false,"excerpt":false}}},"acf":[],"yoast_head":"<!-- This site is optimized with the Yoast SEO plugin v27.5 - https:\/\/yoast.com\/product\/yoast-seo-wordpress\/ -->\n<title>Satamat - Kirkkonummen pursiseura<\/title>\n<meta name=\"robots\" content=\"index, follow, max-snippet:-1, max-image-preview:large, max-video-preview:-1\" \/>\n<link rel=\"canonical\" href=\"https:\/\/kirkkonummenpursiseura.fi\/satamat\/\" \/>\n<meta property=\"og:locale\" content=\"sv_SE\" \/>\n<meta property=\"og:type\" content=\"article\" \/>\n<meta property=\"og:title\" content=\"Satamat - Kirkkonummen pursiseura\" \/>\n<meta property=\"og:url\" content=\"https:\/\/kirkkonummenpursiseura.fi\/satamat\/\" \/>\n<meta property=\"og:site_name\" content=\"Kirkkonummen pursiseura\" \/>\n<meta name=\"twitter:card\" content=\"summary_large_image\" \/>\n<script type=\"application\/ld+json\" class=\"yoast-schema-graph\">{\"@context\":\"https:\\\/\\\/schema.org\",\"@graph\":[{\"@type\":\"WebPage\",\"@id\":\"https:\\\/\\\/kirkkonummenpursiseura.fi\\\/satamat\\\/\",\"url\":\"https:\\\/\\\/kirkkonummenpursiseura.fi\\\/satamat\\\/\",\"name\":\"Satamat - Kirkkonummen pursiseura\",\"isPartOf\":{\"@id\":\"https:\\\/\\\/kirkkonummenpursiseura.fi\\\/#website\"},\"datePublished\":\"2020-02-25T21:34:40+00:00\",\"breadcrumb\":{\"@id\":\"https:\\\/\\\/kirkkonummenpursiseura.fi\\\/satamat\\\/#breadcrumb\"},\"inLanguage\":\"sv-SE\",\"potentialAction\":[{\"@type\":\"ReadAction\",\"target\":[\"https:\\\/\\\/kirkkonummenpursiseura.fi\\\/satamat\\\/\"]}]},{\"@type\":\"BreadcrumbList\",\"@id\":\"https:\\\/\\\/kirkkonummenpursiseura.fi\\\/satamat\\\/#breadcrumb\",\"itemListElement\":[{\"@type\":\"ListItem\",\"position\":1,\"name\":\"Home\",\"item\":\"https:\\\/\\\/kirkkonummenpursiseura.fi\\\/\"},{\"@type\":\"ListItem\",\"position\":2,\"name\":\"Satamat\"}]},{\"@type\":\"WebSite\",\"@id\":\"https:\\\/\\\/kirkkonummenpursiseura.fi\\\/#website\",\"url\":\"https:\\\/\\\/kirkkonummenpursiseura.fi\\\/\",\"name\":\"Kirkkonummen pursiseura\",\"description\":\"\",\"publisher\":{\"@id\":\"https:\\\/\\\/kirkkonummenpursiseura.fi\\\/#organization\"},\"potentialAction\":[{\"@type\":\"SearchAction\",\"target\":{\"@type\":\"EntryPoint\",\"urlTemplate\":\"https:\\\/\\\/kirkkonummenpursiseura.fi\\\/?s={search_term_string}\"},\"query-input\":{\"@type\":\"PropertyValueSpecification\",\"valueRequired\":true,\"valueName\":\"search_term_string\"}}],\"inLanguage\":\"sv-SE\"},{\"@type\":\"Organization\",\"@id\":\"https:\\\/\\\/kirkkonummenpursiseura.fi\\\/#organization\",\"name\":\"Kirkkonummen pursiseura\",\"url\":\"https:\\\/\\\/kirkkonummenpursiseura.fi\\\/\",\"logo\":{\"@type\":\"ImageObject\",\"inLanguage\":\"sv-SE\",\"@id\":\"https:\\\/\\\/kirkkonummenpursiseura.fi\\\/#\\\/schema\\\/logo\\\/image\\\/\",\"url\":\"https:\\\/\\\/kirkkonummenpursiseura.fi\\\/wp-content\\\/uploads\\\/2019\\\/09\\\/cropped-KnPS_4.jpg\",\"contentUrl\":\"https:\\\/\\\/kirkkonummenpursiseura.fi\\\/wp-content\\\/uploads\\\/2019\\\/09\\\/cropped-KnPS_4.jpg\",\"width\":380,\"height\":202,\"caption\":\"Kirkkonummen pursiseura\"},\"image\":{\"@id\":\"https:\\\/\\\/kirkkonummenpursiseura.fi\\\/#\\\/schema\\\/logo\\\/image\\\/\"}}]}<\/script>\n<!-- \/ Yoast SEO plugin. -->","yoast_head_json":{"title":"Satamat - Kirkkonummen pursiseura","robots":{"index":"index","follow":"follow","max-snippet":"max-snippet:-1","max-image-preview":"max-image-preview:large","max-video-preview":"max-video-preview:-1"},"canonical":"https:\/\/kirkkonummenpursiseura.fi\/satamat\/","og_locale":"sv_SE","og_type":"article","og_title":"Satamat - Kirkkonummen pursiseura","og_url":"https:\/\/kirkkonummenpursiseura.fi\/satamat\/","og_site_name":"Kirkkonummen pursiseura","twitter_card":"summary_large_image","schema":{"@context":"https:\/\/schema.org","@graph":[{"@type":"WebPage","@id":"https:\/\/kirkkonummenpursiseura.fi\/satamat\/","url":"https:\/\/kirkkonummenpursiseura.fi\/satamat\/","name":"Satamat - Kirkkonummen pursiseura","isPartOf":{"@id":"https:\/\/kirkkonummenpursiseura.fi\/#website"},"datePublished":"2020-02-25T21:34:40+00:00","breadcrumb":{"@id":"https:\/\/kirkkonummenpursiseura.fi\/satamat\/#breadcrumb"},"inLanguage":"sv-SE","potentialAction":[{"@type":"ReadAction","target":["https:\/\/kirkkonummenpursiseura.fi\/satamat\/"]}]},{"@type":"BreadcrumbList","@id":"https:\/\/kirkkonummenpursiseura.fi\/satamat\/#breadcrumb","itemListElement":[{"@type":"ListItem","position":1,"name":"Home","item":"https:\/\/kirkkonummenpursiseura.fi\/"},{"@type":"ListItem","position":2,"name":"Satamat"}]},{"@type":"WebSite","@id":"https:\/\/kirkkonummenpursiseura.fi\/#website","url":"https:\/\/kirkkonummenpursiseura.fi\/","name":"Kirkkonummen pursiseura","description":"","publisher":{"@id":"https:\/\/kirkkonummenpursiseura.fi\/#organization"},"potentialAction":[{"@type":"SearchAction","target":{"@type":"EntryPoint","urlTemplate":"https:\/\/kirkkonummenpursiseura.fi\/?s={search_term_string}"},"query-input":{"@type":"PropertyValueSpecification","valueRequired":true,"valueName":"search_term_string"}}],"inLanguage":"sv-SE"},{"@type":"Organization","@id":"https:\/\/kirkkonummenpursiseura.fi\/#organization","name":"Kirkkonummen pursiseura","url":"https:\/\/kirkkonummenpursiseura.fi\/","logo":{"@type":"ImageObject","inLanguage":"sv-SE","@id":"https:\/\/kirkkonummenpursiseura.fi\/#\/schema\/logo\/image\/","url":"https:\/\/kirkkonummenpursiseura.fi\/wp-content\/uploads\/2019\/09\/cropped-KnPS_4.jpg","contentUrl":"https:\/\/kirkkonummenpursiseura.fi\/wp-content\/uploads\/2019\/09\/cropped-KnPS_4.jpg","width":380,"height":202,"caption":"Kirkkonummen pursiseura"},"image":{"@id":"https:\/\/kirkkonummenpursiseura.fi\/#\/schema\/logo\/image\/"}}]}},"jetpack_sharing_enabled":true,"_links":{"self":[{"href":"https:\/\/kirkkonummenpursiseura.fi\/sv\/wp-json\/wp\/v2\/pages\/415","targetHints":{"allow":["GET"]}}],"collection":[{"href":"https:\/\/kirkkonummenpursiseura.fi\/sv\/wp-json\/wp\/v2\/pages"}],"about":[{"href":"https:\/\/kirkkonummenpursiseura.fi\/sv\/wp-json\/wp\/v2\/types\/page"}],"author":[{"embeddable":true,"href":"https:\/\/kirkkonummenpursiseura.fi\/sv\/wp-json\/wp\/v2\/users\/4"}],"replies":[{"embeddable":true,"href":"https:\/\/kirkkonummenpursiseura.fi\/sv\/wp-json\/wp\/v2\/comments?post=415"}],"version-history":[{"count":1,"href":"https:\/\/kirkkonummenpursiseura.fi\/sv\/wp-json\/wp\/v2\/pages\/415\/revisions"}],"predecessor-version":[{"id":416,"href":"https:\/\/kirkkonummenpursiseura.fi\/sv\/wp-json\/wp\/v2\/pages\/415\/revisions\/416"}],"wp:attachment":[{"href":"https:\/\/kirkkonummenpursiseura.fi\/sv\/wp-json\/wp\/v2\/media?parent=415"}],"curies":[{"name":"wp","href":"https:\/\/api.w.org\/{rel}","templated":true}]}}