{"id":119,"date":"2019-04-18T11:25:49","date_gmt":"2019-04-18T08:25:49","guid":{"rendered":"https:\/\/kirkkonummenpursiseura.fi\/?page_id=119"},"modified":"2026-02-05T10:15:22","modified_gmt":"2026-02-05T08:15:22","slug":"yhteystiedot","status":"publish","type":"page","link":"https:\/\/kirkkonummenpursiseura.fi\/sv\/yhteystiedot\/","title":{"rendered":"Yhteystiedot"},"content":{"rendered":"<h2 style=\"text-align: center;\">Yhteystietoja 2026<\/h2>\n<h4 style=\"text-align: center;\">Kirkkonummen pursiseura r.y.<\/h4>\n<p>&nbsp;<\/p>\n<h4><strong>Puheenjohtaja: Kari Kastikainen, 050 4098185<\/strong><\/h4>\n<h4><strong>Sihteeri: Eeva Karhu<\/strong><\/h4>\n<h4><strong>Taloudenhoitaja: Jere Castren, 050 5500142<\/strong><\/h4>\n<h4><strong>Satamavastaava: Lari Lepp\u00e4nen, 050 5709152<\/strong><\/h4>\n<p>&nbsp;<\/p>\n<h4><strong>Johtokunta 2026:<\/strong><\/h4>\n<p>&nbsp;<\/p>\n<h4><strong>Kari Kastikainen, 050 4098185<\/strong><strong>\u00a0\u00a0<\/strong><\/h4>\n<h4><strong>Jere Castren, 050 5500142 <\/strong><\/h4>\n<h4><strong>Eeva Karhu<\/strong><strong><br \/>\n<\/strong><\/h4>\n<h4><strong>Lari Lepp\u00e4nen, 050 5709152<br \/>\n<\/strong><\/h4>\n<h4><strong>Kari Kastikainen, 050 4098185 <\/strong><\/h4>\n<h4><strong>Jyrki Lehto, 0400 414575<\/strong><\/h4>\n<p><strong>Mika Nieminen, 040 5051226<\/strong><\/p>\n<p>&nbsp;<\/p>\n<p><strong>Satamavastaava, Lari Lepp\u00e4nen, 050 570 9152<\/strong><\/p>\n<h4><strong>Katsastusp\u00e4\u00e4llikk\u00f6: Jarkko Pakkanen, 040 5249339<\/strong><\/h4>\n<h4><strong>Katsastaja: Jarkko Pakkanen,\u00a0<\/strong><\/h4>\n<h4><strong>Katsastaja: Petri Hurri, 050 5397900<\/strong><\/h4>\n<h4><strong>Katsastaja: Teemu Suni, 050 5550001<\/strong><\/h4>\n<h4><\/h4>\n<p>&nbsp;<\/p>\n","protected":false},"excerpt":{"rendered":"<p>Yhteystietoja 2026 Kirkkonummen pursiseura r.y. &nbsp; Puheenjohtaja: Kari Kastikainen, 050 4098185 Sihteeri: Eeva Karhu Taloudenhoitaja: Jere Castren, 050 5500142 Satamavastaava: Lari Lepp\u00e4nen, 050 5709152 &nbsp; Johtokunta 2026: &nbsp; Kari Kastikainen, &#8230; <a title=\"Yhteystiedot\" class=\"read-more\" href=\"https:\/\/kirkkonummenpursiseura.fi\/sv\/yhteystiedot\/\" aria-label=\"Read more about Yhteystiedot\">Read more<\/a><\/p>\n","protected":false},"author":1,"featured_media":0,"parent":0,"menu_order":0,"comment_status":"closed","ping_status":"closed","template":"","meta":{"_acf_changed":false,"footnotes":""},"class_list":["post-119","page","type-page","status-publish"],"translation":{"provider":"WPGlobus","version":"3.0.2","language":"sv","enabled_languages":["fi","sv"],"languages":{"fi":{"title":true,"content":true,"excerpt":false},"sv":{"title":false,"content":false,"excerpt":false}}},"acf":[],"yoast_head":"<!-- This site is optimized with the Yoast SEO plugin v27.4 - https:\/\/yoast.com\/product\/yoast-seo-wordpress\/ -->\n<title>Yhteystiedot - Kirkkonummen pursiseura<\/title>\n<meta name=\"robots\" content=\"index, follow, max-snippet:-1, max-image-preview:large, max-video-preview:-1\" \/>\n<link rel=\"canonical\" href=\"https:\/\/kirkkonummenpursiseura.fi\/yhteystiedot\/\" \/>\n<meta property=\"og:locale\" content=\"sv_SE\" \/>\n<meta property=\"og:type\" content=\"article\" \/>\n<meta property=\"og:title\" content=\"Yhteystiedot - Kirkkonummen pursiseura\" \/>\n<meta property=\"og:url\" content=\"https:\/\/kirkkonummenpursiseura.fi\/yhteystiedot\/\" \/>\n<meta property=\"og:site_name\" content=\"Kirkkonummen pursiseura\" \/>\n<meta property=\"article:modified_time\" content=\"2026-02-05T08:15:22+00:00\" \/>\n<meta name=\"twitter:card\" content=\"summary_large_image\" \/>\n<meta name=\"twitter:label1\" content=\"Est. reading time\" \/>\n\t<meta name=\"twitter:data1\" content=\"1 minute\" \/>\n<script type=\"application\/ld+json\" class=\"yoast-schema-graph\">{\"@context\":\"https:\\\/\\\/schema.org\",\"@graph\":[{\"@type\":\"WebPage\",\"@id\":\"https:\\\/\\\/kirkkonummenpursiseura.fi\\\/yhteystiedot\\\/\",\"url\":\"https:\\\/\\\/kirkkonummenpursiseura.fi\\\/yhteystiedot\\\/\",\"name\":\"Yhteystiedot - Kirkkonummen pursiseura\",\"isPartOf\":{\"@id\":\"https:\\\/\\\/kirkkonummenpursiseura.fi\\\/#website\"},\"datePublished\":\"2019-04-18T08:25:49+00:00\",\"dateModified\":\"2026-02-05T08:15:22+00:00\",\"breadcrumb\":{\"@id\":\"https:\\\/\\\/kirkkonummenpursiseura.fi\\\/yhteystiedot\\\/#breadcrumb\"},\"inLanguage\":\"sv-SE\",\"potentialAction\":[{\"@type\":\"ReadAction\",\"target\":[\"https:\\\/\\\/kirkkonummenpursiseura.fi\\\/yhteystiedot\\\/\"]}]},{\"@type\":\"BreadcrumbList\",\"@id\":\"https:\\\/\\\/kirkkonummenpursiseura.fi\\\/yhteystiedot\\\/#breadcrumb\",\"itemListElement\":[{\"@type\":\"ListItem\",\"position\":1,\"name\":\"Home\",\"item\":\"https:\\\/\\\/kirkkonummenpursiseura.fi\\\/\"},{\"@type\":\"ListItem\",\"position\":2,\"name\":\"Yhteystiedot\"}]},{\"@type\":\"WebSite\",\"@id\":\"https:\\\/\\\/kirkkonummenpursiseura.fi\\\/#website\",\"url\":\"https:\\\/\\\/kirkkonummenpursiseura.fi\\\/\",\"name\":\"Kirkkonummen pursiseura\",\"description\":\"\",\"publisher\":{\"@id\":\"https:\\\/\\\/kirkkonummenpursiseura.fi\\\/#organization\"},\"potentialAction\":[{\"@type\":\"SearchAction\",\"target\":{\"@type\":\"EntryPoint\",\"urlTemplate\":\"https:\\\/\\\/kirkkonummenpursiseura.fi\\\/?s={search_term_string}\"},\"query-input\":{\"@type\":\"PropertyValueSpecification\",\"valueRequired\":true,\"valueName\":\"search_term_string\"}}],\"inLanguage\":\"sv-SE\"},{\"@type\":\"Organization\",\"@id\":\"https:\\\/\\\/kirkkonummenpursiseura.fi\\\/#organization\",\"name\":\"Kirkkonummen pursiseura\",\"url\":\"https:\\\/\\\/kirkkonummenpursiseura.fi\\\/\",\"logo\":{\"@type\":\"ImageObject\",\"inLanguage\":\"sv-SE\",\"@id\":\"https:\\\/\\\/kirkkonummenpursiseura.fi\\\/#\\\/schema\\\/logo\\\/image\\\/\",\"url\":\"https:\\\/\\\/kirkkonummenpursiseura.fi\\\/wp-content\\\/uploads\\\/2019\\\/09\\\/cropped-KnPS_4.jpg\",\"contentUrl\":\"https:\\\/\\\/kirkkonummenpursiseura.fi\\\/wp-content\\\/uploads\\\/2019\\\/09\\\/cropped-KnPS_4.jpg\",\"width\":380,\"height\":202,\"caption\":\"Kirkkonummen pursiseura\"},\"image\":{\"@id\":\"https:\\\/\\\/kirkkonummenpursiseura.fi\\\/#\\\/schema\\\/logo\\\/image\\\/\"}}]}<\/script>\n<!-- \/ Yoast SEO plugin. -->","yoast_head_json":{"title":"Yhteystiedot - Kirkkonummen pursiseura","robots":{"index":"index","follow":"follow","max-snippet":"max-snippet:-1","max-image-preview":"max-image-preview:large","max-video-preview":"max-video-preview:-1"},"canonical":"https:\/\/kirkkonummenpursiseura.fi\/yhteystiedot\/","og_locale":"sv_SE","og_type":"article","og_title":"Yhteystiedot - Kirkkonummen pursiseura","og_url":"https:\/\/kirkkonummenpursiseura.fi\/yhteystiedot\/","og_site_name":"Kirkkonummen pursiseura","article_modified_time":"2026-02-05T08:15:22+00:00","twitter_card":"summary_large_image","twitter_misc":{"Est. reading time":"1 minute"},"schema":{"@context":"https:\/\/schema.org","@graph":[{"@type":"WebPage","@id":"https:\/\/kirkkonummenpursiseura.fi\/yhteystiedot\/","url":"https:\/\/kirkkonummenpursiseura.fi\/yhteystiedot\/","name":"Yhteystiedot - Kirkkonummen pursiseura","isPartOf":{"@id":"https:\/\/kirkkonummenpursiseura.fi\/#website"},"datePublished":"2019-04-18T08:25:49+00:00","dateModified":"2026-02-05T08:15:22+00:00","breadcrumb":{"@id":"https:\/\/kirkkonummenpursiseura.fi\/yhteystiedot\/#breadcrumb"},"inLanguage":"sv-SE","potentialAction":[{"@type":"ReadAction","target":["https:\/\/kirkkonummenpursiseura.fi\/yhteystiedot\/"]}]},{"@type":"BreadcrumbList","@id":"https:\/\/kirkkonummenpursiseura.fi\/yhteystiedot\/#breadcrumb","itemListElement":[{"@type":"ListItem","position":1,"name":"Home","item":"https:\/\/kirkkonummenpursiseura.fi\/"},{"@type":"ListItem","position":2,"name":"Yhteystiedot"}]},{"@type":"WebSite","@id":"https:\/\/kirkkonummenpursiseura.fi\/#website","url":"https:\/\/kirkkonummenpursiseura.fi\/","name":"Kirkkonummen pursiseura","description":"","publisher":{"@id":"https:\/\/kirkkonummenpursiseura.fi\/#organization"},"potentialAction":[{"@type":"SearchAction","target":{"@type":"EntryPoint","urlTemplate":"https:\/\/kirkkonummenpursiseura.fi\/?s={search_term_string}"},"query-input":{"@type":"PropertyValueSpecification","valueRequired":true,"valueName":"search_term_string"}}],"inLanguage":"sv-SE"},{"@type":"Organization","@id":"https:\/\/kirkkonummenpursiseura.fi\/#organization","name":"Kirkkonummen pursiseura","url":"https:\/\/kirkkonummenpursiseura.fi\/","logo":{"@type":"ImageObject","inLanguage":"sv-SE","@id":"https:\/\/kirkkonummenpursiseura.fi\/#\/schema\/logo\/image\/","url":"https:\/\/kirkkonummenpursiseura.fi\/wp-content\/uploads\/2019\/09\/cropped-KnPS_4.jpg","contentUrl":"https:\/\/kirkkonummenpursiseura.fi\/wp-content\/uploads\/2019\/09\/cropped-KnPS_4.jpg","width":380,"height":202,"caption":"Kirkkonummen pursiseura"},"image":{"@id":"https:\/\/kirkkonummenpursiseura.fi\/#\/schema\/logo\/image\/"}}]}},"jetpack_sharing_enabled":true,"_links":{"self":[{"href":"https:\/\/kirkkonummenpursiseura.fi\/sv\/wp-json\/wp\/v2\/pages\/119","targetHints":{"allow":["GET"]}}],"collection":[{"href":"https:\/\/kirkkonummenpursiseura.fi\/sv\/wp-json\/wp\/v2\/pages"}],"about":[{"href":"https:\/\/kirkkonummenpursiseura.fi\/sv\/wp-json\/wp\/v2\/types\/page"}],"author":[{"embeddable":true,"href":"https:\/\/kirkkonummenpursiseura.fi\/sv\/wp-json\/wp\/v2\/users\/1"}],"replies":[{"embeddable":true,"href":"https:\/\/kirkkonummenpursiseura.fi\/sv\/wp-json\/wp\/v2\/comments?post=119"}],"version-history":[{"count":28,"href":"https:\/\/kirkkonummenpursiseura.fi\/sv\/wp-json\/wp\/v2\/pages\/119\/revisions"}],"predecessor-version":[{"id":563,"href":"https:\/\/kirkkonummenpursiseura.fi\/sv\/wp-json\/wp\/v2\/pages\/119\/revisions\/563"}],"wp:attachment":[{"href":"https:\/\/kirkkonummenpursiseura.fi\/sv\/wp-json\/wp\/v2\/media?parent=119"}],"curies":[{"name":"wp","href":"https:\/\/api.w.org\/{rel}","templated":true}]}}