{"id":117,"date":"2019-04-18T11:25:32","date_gmt":"2019-04-18T08:25:32","guid":{"rendered":"https:\/\/kirkkonummenpursiseura.fi\/?page_id=117"},"modified":"2019-11-04T08:44:25","modified_gmt":"2019-11-04T06:44:25","slug":"linkkeja","status":"publish","type":"page","link":"https:\/\/kirkkonummenpursiseura.fi\/sv\/linkkeja\/","title":{"rendered":"Linkkej\u00e4"},"content":{"rendered":"<p>Hy\u00f6dyllisi\u00e4 linkkej\u00e4 veneilij\u00f6ille<\/p>\n<p>Venerekisterin tiedot: <a href=\"https:\/\/suuli.fi\/\">https:\/\/suuli.fi\/<\/a><\/p>\n<p>Ilmainen kartta veneilyyn: <a href=\"https:\/\/karttaselain.fi\">https:\/\/karttaselain.fi<\/a><\/p>\n<p>Uudenmaan virkistysalueet: <a href=\"https:\/\/uuvi.fi\/fi\/kohteet\/?fwp_load_more=2\">https:\/\/uuvi.fi\/fi\/kohteet\/?fwp_load_more=2<\/a><\/p>\n<p>Retkipaikka, Kirkkonummi: <a href=\"https:\/\/retkipaikka.fi\/kirkkonummi\/\">https:\/\/retkipaikka.fi\/kirkkonummi\/<\/a><\/p>\n<p>&nbsp;<\/p>\n<p>&nbsp;<\/p>\n","protected":false},"excerpt":{"rendered":"<p>Hy\u00f6dyllisi\u00e4 linkkej\u00e4 veneilij\u00f6ille Venerekisterin tiedot: https:\/\/suuli.fi\/ Ilmainen kartta veneilyyn: https:\/\/karttaselain.fi Uudenmaan virkistysalueet: https:\/\/uuvi.fi\/fi\/kohteet\/?fwp_load_more=2 Retkipaikka, Kirkkonummi: https:\/\/retkipaikka.fi\/kirkkonummi\/ &nbsp; &nbsp;<\/p>\n","protected":false},"author":1,"featured_media":0,"parent":0,"menu_order":0,"comment_status":"closed","ping_status":"closed","template":"","meta":{"_acf_changed":false,"footnotes":""},"class_list":["post-117","page","type-page","status-publish"],"translation":{"provider":"WPGlobus","version":"3.0.2","language":"sv","enabled_languages":["fi","sv"],"languages":{"fi":{"title":true,"content":true,"excerpt":false},"sv":{"title":false,"content":false,"excerpt":false}}},"acf":[],"yoast_head":"<!-- This site is optimized with the Yoast SEO plugin v27.4 - https:\/\/yoast.com\/product\/yoast-seo-wordpress\/ -->\n<title>Linkkej\u00e4 - Kirkkonummen pursiseura<\/title>\n<meta name=\"robots\" content=\"index, follow, max-snippet:-1, max-image-preview:large, max-video-preview:-1\" \/>\n<link rel=\"canonical\" href=\"https:\/\/kirkkonummenpursiseura.fi\/linkkeja\/\" \/>\n<meta property=\"og:locale\" content=\"sv_SE\" \/>\n<meta property=\"og:type\" content=\"article\" \/>\n<meta property=\"og:title\" content=\"Linkkej\u00e4 - Kirkkonummen pursiseura\" \/>\n<meta property=\"og:url\" content=\"https:\/\/kirkkonummenpursiseura.fi\/linkkeja\/\" \/>\n<meta property=\"og:site_name\" content=\"Kirkkonummen pursiseura\" \/>\n<meta property=\"article:modified_time\" content=\"2019-11-04T06:44:25+00:00\" \/>\n<meta name=\"twitter:card\" content=\"summary_large_image\" \/>\n<script type=\"application\/ld+json\" class=\"yoast-schema-graph\">{\"@context\":\"https:\\\/\\\/schema.org\",\"@graph\":[{\"@type\":\"WebPage\",\"@id\":\"https:\\\/\\\/kirkkonummenpursiseura.fi\\\/linkkeja\\\/\",\"url\":\"https:\\\/\\\/kirkkonummenpursiseura.fi\\\/linkkeja\\\/\",\"name\":\"Linkkej\u00e4 - Kirkkonummen pursiseura\",\"isPartOf\":{\"@id\":\"https:\\\/\\\/kirkkonummenpursiseura.fi\\\/#website\"},\"datePublished\":\"2019-04-18T08:25:32+00:00\",\"dateModified\":\"2019-11-04T06:44:25+00:00\",\"breadcrumb\":{\"@id\":\"https:\\\/\\\/kirkkonummenpursiseura.fi\\\/linkkeja\\\/#breadcrumb\"},\"inLanguage\":\"sv-SE\",\"potentialAction\":[{\"@type\":\"ReadAction\",\"target\":[\"https:\\\/\\\/kirkkonummenpursiseura.fi\\\/linkkeja\\\/\"]}]},{\"@type\":\"BreadcrumbList\",\"@id\":\"https:\\\/\\\/kirkkonummenpursiseura.fi\\\/linkkeja\\\/#breadcrumb\",\"itemListElement\":[{\"@type\":\"ListItem\",\"position\":1,\"name\":\"Home\",\"item\":\"https:\\\/\\\/kirkkonummenpursiseura.fi\\\/\"},{\"@type\":\"ListItem\",\"position\":2,\"name\":\"Linkkej\u00e4\"}]},{\"@type\":\"WebSite\",\"@id\":\"https:\\\/\\\/kirkkonummenpursiseura.fi\\\/#website\",\"url\":\"https:\\\/\\\/kirkkonummenpursiseura.fi\\\/\",\"name\":\"Kirkkonummen pursiseura\",\"description\":\"\",\"publisher\":{\"@id\":\"https:\\\/\\\/kirkkonummenpursiseura.fi\\\/#organization\"},\"potentialAction\":[{\"@type\":\"SearchAction\",\"target\":{\"@type\":\"EntryPoint\",\"urlTemplate\":\"https:\\\/\\\/kirkkonummenpursiseura.fi\\\/?s={search_term_string}\"},\"query-input\":{\"@type\":\"PropertyValueSpecification\",\"valueRequired\":true,\"valueName\":\"search_term_string\"}}],\"inLanguage\":\"sv-SE\"},{\"@type\":\"Organization\",\"@id\":\"https:\\\/\\\/kirkkonummenpursiseura.fi\\\/#organization\",\"name\":\"Kirkkonummen pursiseura\",\"url\":\"https:\\\/\\\/kirkkonummenpursiseura.fi\\\/\",\"logo\":{\"@type\":\"ImageObject\",\"inLanguage\":\"sv-SE\",\"@id\":\"https:\\\/\\\/kirkkonummenpursiseura.fi\\\/#\\\/schema\\\/logo\\\/image\\\/\",\"url\":\"https:\\\/\\\/kirkkonummenpursiseura.fi\\\/wp-content\\\/uploads\\\/2019\\\/09\\\/cropped-KnPS_4.jpg\",\"contentUrl\":\"https:\\\/\\\/kirkkonummenpursiseura.fi\\\/wp-content\\\/uploads\\\/2019\\\/09\\\/cropped-KnPS_4.jpg\",\"width\":380,\"height\":202,\"caption\":\"Kirkkonummen pursiseura\"},\"image\":{\"@id\":\"https:\\\/\\\/kirkkonummenpursiseura.fi\\\/#\\\/schema\\\/logo\\\/image\\\/\"}}]}<\/script>\n<!-- \/ Yoast SEO plugin. -->","yoast_head_json":{"title":"Linkkej\u00e4 - Kirkkonummen pursiseura","robots":{"index":"index","follow":"follow","max-snippet":"max-snippet:-1","max-image-preview":"max-image-preview:large","max-video-preview":"max-video-preview:-1"},"canonical":"https:\/\/kirkkonummenpursiseura.fi\/linkkeja\/","og_locale":"sv_SE","og_type":"article","og_title":"Linkkej\u00e4 - Kirkkonummen pursiseura","og_url":"https:\/\/kirkkonummenpursiseura.fi\/linkkeja\/","og_site_name":"Kirkkonummen pursiseura","article_modified_time":"2019-11-04T06:44:25+00:00","twitter_card":"summary_large_image","schema":{"@context":"https:\/\/schema.org","@graph":[{"@type":"WebPage","@id":"https:\/\/kirkkonummenpursiseura.fi\/linkkeja\/","url":"https:\/\/kirkkonummenpursiseura.fi\/linkkeja\/","name":"Linkkej\u00e4 - Kirkkonummen pursiseura","isPartOf":{"@id":"https:\/\/kirkkonummenpursiseura.fi\/#website"},"datePublished":"2019-04-18T08:25:32+00:00","dateModified":"2019-11-04T06:44:25+00:00","breadcrumb":{"@id":"https:\/\/kirkkonummenpursiseura.fi\/linkkeja\/#breadcrumb"},"inLanguage":"sv-SE","potentialAction":[{"@type":"ReadAction","target":["https:\/\/kirkkonummenpursiseura.fi\/linkkeja\/"]}]},{"@type":"BreadcrumbList","@id":"https:\/\/kirkkonummenpursiseura.fi\/linkkeja\/#breadcrumb","itemListElement":[{"@type":"ListItem","position":1,"name":"Home","item":"https:\/\/kirkkonummenpursiseura.fi\/"},{"@type":"ListItem","position":2,"name":"Linkkej\u00e4"}]},{"@type":"WebSite","@id":"https:\/\/kirkkonummenpursiseura.fi\/#website","url":"https:\/\/kirkkonummenpursiseura.fi\/","name":"Kirkkonummen pursiseura","description":"","publisher":{"@id":"https:\/\/kirkkonummenpursiseura.fi\/#organization"},"potentialAction":[{"@type":"SearchAction","target":{"@type":"EntryPoint","urlTemplate":"https:\/\/kirkkonummenpursiseura.fi\/?s={search_term_string}"},"query-input":{"@type":"PropertyValueSpecification","valueRequired":true,"valueName":"search_term_string"}}],"inLanguage":"sv-SE"},{"@type":"Organization","@id":"https:\/\/kirkkonummenpursiseura.fi\/#organization","name":"Kirkkonummen pursiseura","url":"https:\/\/kirkkonummenpursiseura.fi\/","logo":{"@type":"ImageObject","inLanguage":"sv-SE","@id":"https:\/\/kirkkonummenpursiseura.fi\/#\/schema\/logo\/image\/","url":"https:\/\/kirkkonummenpursiseura.fi\/wp-content\/uploads\/2019\/09\/cropped-KnPS_4.jpg","contentUrl":"https:\/\/kirkkonummenpursiseura.fi\/wp-content\/uploads\/2019\/09\/cropped-KnPS_4.jpg","width":380,"height":202,"caption":"Kirkkonummen pursiseura"},"image":{"@id":"https:\/\/kirkkonummenpursiseura.fi\/#\/schema\/logo\/image\/"}}]}},"jetpack_sharing_enabled":true,"_links":{"self":[{"href":"https:\/\/kirkkonummenpursiseura.fi\/sv\/wp-json\/wp\/v2\/pages\/117","targetHints":{"allow":["GET"]}}],"collection":[{"href":"https:\/\/kirkkonummenpursiseura.fi\/sv\/wp-json\/wp\/v2\/pages"}],"about":[{"href":"https:\/\/kirkkonummenpursiseura.fi\/sv\/wp-json\/wp\/v2\/types\/page"}],"author":[{"embeddable":true,"href":"https:\/\/kirkkonummenpursiseura.fi\/sv\/wp-json\/wp\/v2\/users\/1"}],"replies":[{"embeddable":true,"href":"https:\/\/kirkkonummenpursiseura.fi\/sv\/wp-json\/wp\/v2\/comments?post=117"}],"version-history":[{"count":7,"href":"https:\/\/kirkkonummenpursiseura.fi\/sv\/wp-json\/wp\/v2\/pages\/117\/revisions"}],"predecessor-version":[{"id":286,"href":"https:\/\/kirkkonummenpursiseura.fi\/sv\/wp-json\/wp\/v2\/pages\/117\/revisions\/286"}],"wp:attachment":[{"href":"https:\/\/kirkkonummenpursiseura.fi\/sv\/wp-json\/wp\/v2\/media?parent=117"}],"curies":[{"name":"wp","href":"https:\/\/api.w.org\/{rel}","templated":true}]}}