{"id":112,"date":"2019-04-18T11:23:53","date_gmt":"2019-04-18T08:23:53","guid":{"rendered":"https:\/\/kirkkonummenpursiseura.fi\/?page_id=112"},"modified":"2019-11-18T01:40:55","modified_gmt":"2019-11-17T23:40:55","slug":"pursiseura","status":"publish","type":"page","link":"https:\/\/kirkkonummenpursiseura.fi\/sv\/pursiseura\/","title":{"rendered":"Pursiseura"},"content":{"rendered":"\t\t<div data-elementor-type=\"wp-page\" data-elementor-id=\"112\" class=\"elementor elementor-112\">\n\t\t\t\t\t\t<section class=\"elementor-section elementor-top-section elementor-element elementor-element-111d882b elementor-section-stretched elementor-section-full_width elementor-section-height-min-height elementor-section-height-default elementor-section-items-middle\" data-id=\"111d882b\" data-element_type=\"section\" data-e-type=\"section\" data-settings=\"{&quot;stretch_section&quot;:&quot;section-stretched&quot;,&quot;background_background&quot;:&quot;classic&quot;}\">\n\t\t\t\t\t\t<div class=\"elementor-container elementor-column-gap-default\">\n\t\t\t\t\t<div class=\"elementor-column elementor-col-100 elementor-top-column elementor-element elementor-element-24442d75\" data-id=\"24442d75\" data-element_type=\"column\" data-e-type=\"column\">\n\t\t\t<div class=\"elementor-widget-wrap elementor-element-populated\">\n\t\t\t\t\t\t<div class=\"elementor-element elementor-element-21d7a9 elementor-invisible elementor-widget elementor-widget-text-editor\" data-id=\"21d7a9\" data-element_type=\"widget\" data-e-type=\"widget\" data-settings=\"{&quot;_animation&quot;:&quot;fadeInUp&quot;}\" data-widget_type=\"text-editor.default\">\n\t\t\t\t<div class=\"elementor-widget-container\">\n\t\t\t\t\t\t\t\t\t<p><img decoding=\"async\" data-attachment-id=\"89\" data-permalink=\"https:\/\/kirkkonummenpursiseura.fi\/sv\/kirkkonummen-pursiseuran-logo\/\" data-orig-file=\"https:\/\/kirkkonummenpursiseura.fi\/wp-content\/uploads\/2019\/04\/Kirkkonummen-pursiseuran-logo.svg\" data-orig-size=\"100,100\" data-comments-opened=\"0\" data-image-meta=\"[]\" data-image-title=\"Kirkkonummen-pursiseuran-logo\" data-image-description=\"\" data-image-caption=\"\" data-large-file=\"https:\/\/kirkkonummenpursiseura.fi\/wp-content\/uploads\/2019\/04\/Kirkkonummen-pursiseuran-logo.svg\" class=\"aligncenter wp-image-89 size-thumbnail\" role=\"img\" src=\"https:\/\/kirkkonummenpursiseura.fi\/wp-content\/uploads\/2019\/04\/Kirkkonummen-pursiseuran-logo.svg\" alt=\"\" width=\"150\" height=\"150\" \/><\/p><p>Kirkkonummen Pursiseura ry (KnPS) on Porkkalanniemell\u00e4 toimiva aktiivinen veneily-yhdistys. Yhdistys on Suomen Purjehdus ja veneily ry:n j\u00e4sen. Seuran keskeisen\u00e4 tavoitteena on yll\u00e4pit\u00e4\u00e4 ja edist\u00e4\u00e4 merimiestaitojen oppimista sek\u00e4 toimia turvallisen vesill\u00e4liikkumisen puolesta. Seura yll\u00e4pit\u00e4\u00e4 ja kehitt\u00e4\u00e4 satama- ja virkistysalueita luonnonsuojelutavoitteet huomioonottaen. P\u00e4\u00e4m\u00e4\u00e4riemme saavuttamiseksi j\u00e4rjest\u00e4mme koulutustilaisuuksia, yleist\u00e4 valistusta, neuvontaa sek\u00e4 yll\u00e4pid\u00e4mme jo vakiintuneeksi tullutta veneiden katsastustoimintaa.<\/p>\t\t\t\t\t\t\t\t<\/div>\n\t\t\t\t<\/div>\n\t\t\t\t\t<\/div>\n\t\t<\/div>\n\t\t\t\t\t<\/div>\n\t\t<\/section>\n\t\t\t\t<\/div>\n\t\t","protected":false},"excerpt":{"rendered":"<p>Kirkkonummen Pursiseura ry (KnPS) on Porkkalanniemell\u00e4 toimiva aktiivinen veneily-yhdistys. Yhdistys on Suomen Purjehdus ja veneily ry:n j\u00e4sen. Seuran keskeisen\u00e4 tavoitteena on yll\u00e4pit\u00e4\u00e4 ja edist\u00e4\u00e4 merimiestaitojen oppimista sek\u00e4 toimia turvallisen vesill\u00e4liikkumisen &#8230; <a title=\"Pursiseura\" class=\"read-more\" href=\"https:\/\/kirkkonummenpursiseura.fi\/sv\/pursiseura\/\" aria-label=\"Read more about Pursiseura\">Read more<\/a><\/p>\n","protected":false},"author":1,"featured_media":0,"parent":0,"menu_order":0,"comment_status":"closed","ping_status":"closed","template":"","meta":{"_acf_changed":false,"footnotes":""},"class_list":["post-112","page","type-page","status-publish"],"translation":{"provider":"WPGlobus","version":"3.0.2","language":"sv","enabled_languages":["fi","sv"],"languages":{"fi":{"title":true,"content":true,"excerpt":false},"sv":{"title":false,"content":false,"excerpt":false}}},"acf":[],"yoast_head":"<!-- This site is optimized with the Yoast SEO plugin v27.4 - https:\/\/yoast.com\/product\/yoast-seo-wordpress\/ -->\n<title>Pursiseura - Kirkkonummen pursiseura<\/title>\n<meta name=\"robots\" content=\"index, follow, max-snippet:-1, max-image-preview:large, max-video-preview:-1\" \/>\n<link rel=\"canonical\" href=\"https:\/\/kirkkonummenpursiseura.fi\/pursiseura\/\" \/>\n<meta property=\"og:locale\" content=\"sv_SE\" \/>\n<meta property=\"og:type\" content=\"article\" \/>\n<meta property=\"og:title\" content=\"Pursiseura - Kirkkonummen pursiseura\" \/>\n<meta property=\"og:url\" content=\"https:\/\/kirkkonummenpursiseura.fi\/pursiseura\/\" \/>\n<meta property=\"og:site_name\" content=\"Kirkkonummen pursiseura\" \/>\n<meta property=\"article:modified_time\" content=\"2019-11-17T23:40:55+00:00\" \/>\n<meta property=\"og:image\" content=\"https:\/\/kirkkonummenpursiseura.fi\/wp-content\/uploads\/2019\/04\/Kirkkonummen-pursiseuran-logo.svg\" \/>\n<meta name=\"twitter:card\" content=\"summary_large_image\" \/>\n<script type=\"application\/ld+json\" class=\"yoast-schema-graph\">{\"@context\":\"https:\\\/\\\/schema.org\",\"@graph\":[{\"@type\":\"WebPage\",\"@id\":\"https:\\\/\\\/kirkkonummenpursiseura.fi\\\/pursiseura\\\/\",\"url\":\"https:\\\/\\\/kirkkonummenpursiseura.fi\\\/pursiseura\\\/\",\"name\":\"Pursiseura - Kirkkonummen pursiseura\",\"isPartOf\":{\"@id\":\"https:\\\/\\\/kirkkonummenpursiseura.fi\\\/#website\"},\"primaryImageOfPage\":{\"@id\":\"https:\\\/\\\/kirkkonummenpursiseura.fi\\\/pursiseura\\\/#primaryimage\"},\"image\":{\"@id\":\"https:\\\/\\\/kirkkonummenpursiseura.fi\\\/pursiseura\\\/#primaryimage\"},\"thumbnailUrl\":\"http:\\\/\\\/kirkkonummenpursiseura.fi\\\/wp-content\\\/uploads\\\/2019\\\/04\\\/Kirkkonummen-pursiseuran-logo.svg\",\"datePublished\":\"2019-04-18T08:23:53+00:00\",\"dateModified\":\"2019-11-17T23:40:55+00:00\",\"breadcrumb\":{\"@id\":\"https:\\\/\\\/kirkkonummenpursiseura.fi\\\/pursiseura\\\/#breadcrumb\"},\"inLanguage\":\"sv-SE\",\"potentialAction\":[{\"@type\":\"ReadAction\",\"target\":[\"https:\\\/\\\/kirkkonummenpursiseura.fi\\\/pursiseura\\\/\"]}]},{\"@type\":\"ImageObject\",\"inLanguage\":\"sv-SE\",\"@id\":\"https:\\\/\\\/kirkkonummenpursiseura.fi\\\/pursiseura\\\/#primaryimage\",\"url\":\"http:\\\/\\\/kirkkonummenpursiseura.fi\\\/wp-content\\\/uploads\\\/2019\\\/04\\\/Kirkkonummen-pursiseuran-logo.svg\",\"contentUrl\":\"http:\\\/\\\/kirkkonummenpursiseura.fi\\\/wp-content\\\/uploads\\\/2019\\\/04\\\/Kirkkonummen-pursiseuran-logo.svg\"},{\"@type\":\"BreadcrumbList\",\"@id\":\"https:\\\/\\\/kirkkonummenpursiseura.fi\\\/pursiseura\\\/#breadcrumb\",\"itemListElement\":[{\"@type\":\"ListItem\",\"position\":1,\"name\":\"Home\",\"item\":\"https:\\\/\\\/kirkkonummenpursiseura.fi\\\/\"},{\"@type\":\"ListItem\",\"position\":2,\"name\":\"Pursiseura\"}]},{\"@type\":\"WebSite\",\"@id\":\"https:\\\/\\\/kirkkonummenpursiseura.fi\\\/#website\",\"url\":\"https:\\\/\\\/kirkkonummenpursiseura.fi\\\/\",\"name\":\"Kirkkonummen pursiseura\",\"description\":\"\",\"publisher\":{\"@id\":\"https:\\\/\\\/kirkkonummenpursiseura.fi\\\/#organization\"},\"potentialAction\":[{\"@type\":\"SearchAction\",\"target\":{\"@type\":\"EntryPoint\",\"urlTemplate\":\"https:\\\/\\\/kirkkonummenpursiseura.fi\\\/?s={search_term_string}\"},\"query-input\":{\"@type\":\"PropertyValueSpecification\",\"valueRequired\":true,\"valueName\":\"search_term_string\"}}],\"inLanguage\":\"sv-SE\"},{\"@type\":\"Organization\",\"@id\":\"https:\\\/\\\/kirkkonummenpursiseura.fi\\\/#organization\",\"name\":\"Kirkkonummen pursiseura\",\"url\":\"https:\\\/\\\/kirkkonummenpursiseura.fi\\\/\",\"logo\":{\"@type\":\"ImageObject\",\"inLanguage\":\"sv-SE\",\"@id\":\"https:\\\/\\\/kirkkonummenpursiseura.fi\\\/#\\\/schema\\\/logo\\\/image\\\/\",\"url\":\"https:\\\/\\\/kirkkonummenpursiseura.fi\\\/wp-content\\\/uploads\\\/2019\\\/09\\\/cropped-KnPS_4.jpg\",\"contentUrl\":\"https:\\\/\\\/kirkkonummenpursiseura.fi\\\/wp-content\\\/uploads\\\/2019\\\/09\\\/cropped-KnPS_4.jpg\",\"width\":380,\"height\":202,\"caption\":\"Kirkkonummen pursiseura\"},\"image\":{\"@id\":\"https:\\\/\\\/kirkkonummenpursiseura.fi\\\/#\\\/schema\\\/logo\\\/image\\\/\"}}]}<\/script>\n<!-- \/ Yoast SEO plugin. -->","yoast_head_json":{"title":"Pursiseura - Kirkkonummen pursiseura","robots":{"index":"index","follow":"follow","max-snippet":"max-snippet:-1","max-image-preview":"max-image-preview:large","max-video-preview":"max-video-preview:-1"},"canonical":"https:\/\/kirkkonummenpursiseura.fi\/pursiseura\/","og_locale":"sv_SE","og_type":"article","og_title":"Pursiseura - Kirkkonummen pursiseura","og_url":"https:\/\/kirkkonummenpursiseura.fi\/pursiseura\/","og_site_name":"Kirkkonummen pursiseura","article_modified_time":"2019-11-17T23:40:55+00:00","og_image":[{"url":"https:\/\/kirkkonummenpursiseura.fi\/wp-content\/uploads\/2019\/04\/Kirkkonummen-pursiseuran-logo.svg","type":"","width":"","height":""}],"twitter_card":"summary_large_image","schema":{"@context":"https:\/\/schema.org","@graph":[{"@type":"WebPage","@id":"https:\/\/kirkkonummenpursiseura.fi\/pursiseura\/","url":"https:\/\/kirkkonummenpursiseura.fi\/pursiseura\/","name":"Pursiseura - Kirkkonummen pursiseura","isPartOf":{"@id":"https:\/\/kirkkonummenpursiseura.fi\/#website"},"primaryImageOfPage":{"@id":"https:\/\/kirkkonummenpursiseura.fi\/pursiseura\/#primaryimage"},"image":{"@id":"https:\/\/kirkkonummenpursiseura.fi\/pursiseura\/#primaryimage"},"thumbnailUrl":"https:\/\/kirkkonummenpursiseura.fi\/wp-content\/uploads\/2019\/04\/Kirkkonummen-pursiseuran-logo.svg","datePublished":"2019-04-18T08:23:53+00:00","dateModified":"2019-11-17T23:40:55+00:00","breadcrumb":{"@id":"https:\/\/kirkkonummenpursiseura.fi\/pursiseura\/#breadcrumb"},"inLanguage":"sv-SE","potentialAction":[{"@type":"ReadAction","target":["https:\/\/kirkkonummenpursiseura.fi\/pursiseura\/"]}]},{"@type":"ImageObject","inLanguage":"sv-SE","@id":"https:\/\/kirkkonummenpursiseura.fi\/pursiseura\/#primaryimage","url":"https:\/\/kirkkonummenpursiseura.fi\/wp-content\/uploads\/2019\/04\/Kirkkonummen-pursiseuran-logo.svg","contentUrl":"https:\/\/kirkkonummenpursiseura.fi\/wp-content\/uploads\/2019\/04\/Kirkkonummen-pursiseuran-logo.svg"},{"@type":"BreadcrumbList","@id":"https:\/\/kirkkonummenpursiseura.fi\/pursiseura\/#breadcrumb","itemListElement":[{"@type":"ListItem","position":1,"name":"Home","item":"https:\/\/kirkkonummenpursiseura.fi\/"},{"@type":"ListItem","position":2,"name":"Pursiseura"}]},{"@type":"WebSite","@id":"https:\/\/kirkkonummenpursiseura.fi\/#website","url":"https:\/\/kirkkonummenpursiseura.fi\/","name":"Kirkkonummen pursiseura","description":"","publisher":{"@id":"https:\/\/kirkkonummenpursiseura.fi\/#organization"},"potentialAction":[{"@type":"SearchAction","target":{"@type":"EntryPoint","urlTemplate":"https:\/\/kirkkonummenpursiseura.fi\/?s={search_term_string}"},"query-input":{"@type":"PropertyValueSpecification","valueRequired":true,"valueName":"search_term_string"}}],"inLanguage":"sv-SE"},{"@type":"Organization","@id":"https:\/\/kirkkonummenpursiseura.fi\/#organization","name":"Kirkkonummen pursiseura","url":"https:\/\/kirkkonummenpursiseura.fi\/","logo":{"@type":"ImageObject","inLanguage":"sv-SE","@id":"https:\/\/kirkkonummenpursiseura.fi\/#\/schema\/logo\/image\/","url":"https:\/\/kirkkonummenpursiseura.fi\/wp-content\/uploads\/2019\/09\/cropped-KnPS_4.jpg","contentUrl":"https:\/\/kirkkonummenpursiseura.fi\/wp-content\/uploads\/2019\/09\/cropped-KnPS_4.jpg","width":380,"height":202,"caption":"Kirkkonummen pursiseura"},"image":{"@id":"https:\/\/kirkkonummenpursiseura.fi\/#\/schema\/logo\/image\/"}}]}},"jetpack_sharing_enabled":true,"_links":{"self":[{"href":"https:\/\/kirkkonummenpursiseura.fi\/sv\/wp-json\/wp\/v2\/pages\/112","targetHints":{"allow":["GET"]}}],"collection":[{"href":"https:\/\/kirkkonummenpursiseura.fi\/sv\/wp-json\/wp\/v2\/pages"}],"about":[{"href":"https:\/\/kirkkonummenpursiseura.fi\/sv\/wp-json\/wp\/v2\/types\/page"}],"author":[{"embeddable":true,"href":"https:\/\/kirkkonummenpursiseura.fi\/sv\/wp-json\/wp\/v2\/users\/1"}],"replies":[{"embeddable":true,"href":"https:\/\/kirkkonummenpursiseura.fi\/sv\/wp-json\/wp\/v2\/comments?post=112"}],"version-history":[{"count":6,"href":"https:\/\/kirkkonummenpursiseura.fi\/sv\/wp-json\/wp\/v2\/pages\/112\/revisions"}],"predecessor-version":[{"id":335,"href":"https:\/\/kirkkonummenpursiseura.fi\/sv\/wp-json\/wp\/v2\/pages\/112\/revisions\/335"}],"wp:attachment":[{"href":"https:\/\/kirkkonummenpursiseura.fi\/sv\/wp-json\/wp\/v2\/media?parent=112"}],"curies":[{"name":"wp","href":"https:\/\/api.w.org\/{rel}","templated":true}]}}